{"id":161,"date":"2016-11-22T16:24:02","date_gmt":"2016-11-22T22:24:02","guid":{"rendered":"http:\/\/c5.byrg.net\/WP_BYRG_WWW\/?page_id=161"},"modified":"2025-01-20T08:08:24","modified_gmt":"2025-01-20T14:08:24","slug":"updates","status":"publish","type":"page","link":"http:\/\/c5.byrg.net\/WP_BYRG_WWW\/updates\/","title":{"rendered":"CLICK HERE FIRST-UPDATES AND BASIC INFO!!!"},"content":{"rendered":"<p><span style=\"text-decoration: underline;\"><span style=\"font-size: 18pt;\"><em><strong><span style=\"color: #ff0000; text-decoration: underline;\">Information Updates<\/span><\/strong><\/em><\/span><\/span><\/p>\n<h5><em><span style=\"color: #ff0000;\">April 1 2023 (NO this is NOT a joke).&nbsp;<\/span><\/em><\/h5>\n<h3><span style=\"color: #3366ff;\"><em><strong>The 442.55 Signal Hill repeater is now P25 and analog. The analog mode is private\/closed.&nbsp; It will not be returning to DMR format in the foreseeable future.<\/strong><\/em><\/span><\/h3>\n<p>&nbsp;<\/p>\n<p>&nbsp;<\/p>\n<p><span style=\"font-size: 18pt;\"><em><strong><span style=\"color: #ff0000;\">June 2022<\/span><\/strong><\/em><\/span><\/p>\n<p><span style=\"font-size: 18pt;\"><em><strong><span style=\"color: #ff0000;\">We had to change out the repeater at Peculiar, and without our knowledge, in the time since it was initially installed, Brandmeister put in place a requirement that even Motorola repeaters need a password. SO until be get a chance to get to the site (it takes a 4wD and a good seat belt), it will not be&nbsp; networked.<\/span> <\/strong><\/em><\/span><\/p>\n<p>&nbsp;<\/p>\n<p><span style=\"color: #0000ff;\"><em>May 2021<\/em><\/span><\/p>\n<p><span style=\"color: #0000ff;\"><em>Wow what a crazy time 2020 was. Deepwater has returned to analog and will not be reverting back to DMR- EVER. MCI has moved to Trimble Missouri (just basically a little north of the old site) and we are pretty settled on what is where and do not anticipate any further growth from us. <\/em><\/span><\/p>\n<p><span style=\"color: #0000ff;\"><em>I do want to state, we NEVER state the full, exact location of any of our repeaters. We have lost sites from other groups who went to where our system was and pissed of the property owner enough, trying to get on the property, that NEITHER of us had a site- yes had to remove the equipment. So we make it a rule- everything is &#8220;close&#8221;. If you cannot accept that (and some can&#8217;t), then feel free to use another groups system.<\/em><br \/>\n<\/span><\/p>\n<p><span style=\"color: #0000ff;\"><em>Also, Bob, Lee and myself are in the process of turning over the operation and equipment to some new blood. Eric, N\u00d8MIJ, James KB\u00d8NHX, and Travis NI\u00d8Y, will be overseeing the operation soon. NONE of the rules, and standard we have in place will change. Also those who are &#8220;persona non-grata&#8221; will remain that way. So, in a nutshell, new people same game&#8230;&#8230;chat soon&#8230;de K\u00d8XM<\/em> <\/span><\/p>\n<p>January 18, 2019<\/p>\n<p>New year, new projects. Here is what is changed.<\/p>\n<p>Deepwater is back to DMR. Windsor is back to analog. Deepwater codeplug is in the ala carte vault.<\/p>\n<p>New repeaters on in Hermitage, and Joplin and Wichita (UHF and VHF) will be on line soon, if not already.<\/p>\n<p>Status of the Excelsior Springs repeaters in unknown at this time, I need to speak with K\u00d8BSJ and get an update.<\/p>\n<p>We will be acquiring MORE repeaters shortly, so expansion will continue.<\/p>\n<p>&nbsp;<\/p>\n<p>June 3, 2018<\/p>\n<p>Well as you may know by now, the network is growing still!! Chillicothe is now on UHF (444.40) and Branson is VHF (147.15) and Bolivar is VHF (145.29). With more to come!! All the new repeaters should be in the Ala Carte page.<\/p>\n<p>&nbsp;<\/p>\n<p>Due to requests, KC Skywarn is now static on Time Slot 2, sharing with BYRG 31201.<\/p>\n<p>PLEASE change your codeplugs.<\/p>\n<p>&nbsp;<\/p>\n<p>&nbsp;<\/p>\n<p>The Worldwide DMR Registration has changed, DMR-MARC is no longer handling it, it will be handled by the European group: <a href=\"https:\/\/www.radioid.net\/#!\" target=\"_blank\" rel=\"noopener\">DMR Registration Page<\/a><\/p>\n<p><span style=\"color: #ff0000;\"><strong>Want to make the codeplug for YOUR radio they way YOU want? Now you can- go to the&nbsp;<a style=\"color: #ff0000;\" href=\"http:\/\/c5.byrg.net\/WP_BYRG_WWW\/codeplug-ala-carte-menu\/\">Ala Carte Codeplug Page<\/a><\/strong><\/span><\/p>\n<p><strong><em>New Repeaters:<\/em><\/strong><\/p>\n<p><strong><em>High Hill (St Louis Area), Missouri 444.025<\/em><\/strong><\/p>\n<p><strong><em>Leavenworth, Ks 442.35<\/em><\/strong><\/p>\n<p><strong><em>Maryville, Mo 444.475<\/em><\/strong><\/p>\n<p><strong><em>All are in the AlaCarte vault<\/em><\/strong><\/p>\n<p>&nbsp;<\/p>\n<p>Here is the coverage map for Kansas and Missouri UHF as of January 11, 2018<\/p>\n<p>&nbsp;<\/p>\n<p>&nbsp;<\/p>\n<p><a href=\"http:\/\/c5.byrg.net\/WP_BYRG_WWW\/wp-content\/uploads\/2017\/12\/UHF-Coverage-Dec-26.jpg\"><img loading=\"lazy\" decoding=\"async\" class=\"aligncenter wp-image-687\" src=\"http:\/\/c5.byrg.net\/WP_BYRG_WWW\/wp-content\/uploads\/2017\/12\/UHF-Coverage-Dec-26-300x198.jpg\" alt=\"\" width=\"392\" height=\"259\" srcset=\"http:\/\/c5.byrg.net\/WP_BYRG_WWW\/wp-content\/uploads\/2017\/12\/UHF-Coverage-Dec-26-300x198.jpg 300w, http:\/\/c5.byrg.net\/WP_BYRG_WWW\/wp-content\/uploads\/2017\/12\/UHF-Coverage-Dec-26.jpg 647w\" sizes=\"auto, (max-width: 392px) 85vw, 392px\" \/><\/a><\/p>\n<p>&nbsp;<\/p>\n<p><em><strong><span style=\"color: #ff0000;\">IMPORTANT UPDATE!!!<\/span><\/strong><\/em><\/p>\n<p><span style=\"color: #ff0000; font-size: 18pt;\"><em><strong>The frequency of the Northland (we call it MCI) repeater is now 444.4625 +5 Input Color Code 4. Time Slot\/ Talk Group arrangement is shown on both the DMR Info page and in the Codeplug Vault.&nbsp;<\/strong><\/em><\/span><\/p>\n<p><span style=\"color: #ff0000; font-size: 18pt;\"><em><strong>Also 3100 USA Talk Group is now blocked on ALL BYRG DMR repeaters.<\/strong><\/em><\/span><\/p>\n<p>&nbsp;<\/p>\n<p>&nbsp;<\/p>\n<p>&nbsp;<\/p>\n<p>&nbsp;<\/p>\n","protected":false},"excerpt":{"rendered":"<p>Information Updates April 1 2023 (NO this is NOT a joke).&nbsp; The 442.55 Signal Hill repeater is now P25 and analog. The analog mode is private\/closed.&nbsp; It will not be returning to DMR format in the foreseeable future. &nbsp; &nbsp; June 2022 We had to change out the repeater at Peculiar, and without our knowledge, &hellip; <a href=\"http:\/\/c5.byrg.net\/WP_BYRG_WWW\/updates\/\" class=\"more-link\">Continue reading<span class=\"screen-reader-text\"> &#8220;CLICK HERE FIRST-UPDATES AND BASIC INFO!!!&#8221;<\/span><\/a><\/p>\n","protected":false},"author":2,"featured_media":0,"parent":0,"menu_order":0,"comment_status":"closed","ping_status":"closed","template":"","meta":{"_exactmetrics_skip_tracking":false,"_exactmetrics_sitenote_active":false,"_exactmetrics_sitenote_note":"","_exactmetrics_sitenote_category":0,"ngg_post_thumbnail":0,"footnotes":""},"folder":[],"class_list":["post-161","page","type-page","status-publish","hentry"],"_links":{"self":[{"href":"http:\/\/c5.byrg.net\/WP_BYRG_WWW\/wp-json\/wp\/v2\/pages\/161","targetHints":{"allow":["GET"]}}],"collection":[{"href":"http:\/\/c5.byrg.net\/WP_BYRG_WWW\/wp-json\/wp\/v2\/pages"}],"about":[{"href":"http:\/\/c5.byrg.net\/WP_BYRG_WWW\/wp-json\/wp\/v2\/types\/page"}],"author":[{"embeddable":true,"href":"http:\/\/c5.byrg.net\/WP_BYRG_WWW\/wp-json\/wp\/v2\/users\/2"}],"replies":[{"embeddable":true,"href":"http:\/\/c5.byrg.net\/WP_BYRG_WWW\/wp-json\/wp\/v2\/comments?post=161"}],"version-history":[{"count":47,"href":"http:\/\/c5.byrg.net\/WP_BYRG_WWW\/wp-json\/wp\/v2\/pages\/161\/revisions"}],"predecessor-version":[{"id":28686,"href":"http:\/\/c5.byrg.net\/WP_BYRG_WWW\/wp-json\/wp\/v2\/pages\/161\/revisions\/28686"}],"wp:attachment":[{"href":"http:\/\/c5.byrg.net\/WP_BYRG_WWW\/wp-json\/wp\/v2\/media?parent=161"}],"wp:term":[{"taxonomy":"folder","embeddable":true,"href":"http:\/\/c5.byrg.net\/WP_BYRG_WWW\/wp-json\/wp\/v2\/folder?post=161"}],"curies":[{"name":"wp","href":"https:\/\/api.w.org\/{rel}","templated":true}]}}